{"id":10491,"date":"2020-07-04T14:30:25","date_gmt":"2020-07-04T14:30:25","guid":{"rendered":"https:\/\/asalaranjeiras.org.br\/site\/?page_id=10491"},"modified":"2020-07-20T19:30:15","modified_gmt":"2020-07-20T19:30:15","slug":"relatorio-de-atividades-2019","status":"publish","type":"page","link":"https:\/\/asalaranjeiras.org.br\/site\/relatorios\/relatorio-de-atividades\/relatorio-de-atividades-2019\/","title":{"rendered":"Relat\u00f3rio de Atividades 2019"},"content":{"rendered":"\n<hr class=\"wp-block-separator\"\/>\n\n\n<a href=\"https:\/\/asalaranjeiras.org.br\/site\/wp-content\/uploads\/2020\/07\/Cairuc\u0327u_Relato\u0301rio-de-Atividades_2019.pdf\" class=\"pdfemb-viewer\" style=\"\" data-width=\"max\" data-height=\"max\" data-toolbar=\"top\" data-toolbar-fixed=\"on\">Cairuc\u0327u_Relato\u0301rio-de-Atividades_2019<\/a>\n<p class=\"wp-block-pdfemb-pdf-embedder-viewer\"><\/p>\n\n\n\n<div class=\"wp-block-media-text alignwide has-media-on-the-right\" style=\"grid-template-columns:auto 10%\"><figure class=\"wp-block-media-text__media\"><img loading=\"lazy\" decoding=\"async\" width=\"122\" height=\"122\" src=\"https:\/\/asalaranjeiras.org.br\/site\/wp-content\/uploads\/2020\/06\/horizontal.png\" alt=\"\" class=\"wp-image-6427\" srcset=\"https:\/\/asalaranjeiras.org.br\/site\/wp-content\/uploads\/2020\/06\/horizontal.png 122w, https:\/\/asalaranjeiras.org.br\/site\/wp-content\/uploads\/2020\/06\/horizontal-100x100.png 100w\" sizes=\"auto, (max-width: 122px) 100vw, 122px\" \/><\/figure><div class=\"wp-block-media-text__content\">\n<p style=\"font-size:10px\">\n\n*alguns conte\u00fados s\u00e3o melhor visualizados com o celular na horizontal\n\n<\/p>\n<\/div><\/div>\n","protected":false},"excerpt":{"rendered":"<p>*alguns conte\u00fados s\u00e3o melhor visualizados com o celular na horizontal<\/p>\n","protected":false},"author":2,"featured_media":14717,"parent":584,"menu_order":0,"comment_status":"closed","ping_status":"closed","template":"","meta":{"_uag_custom_page_level_css":"","ghostkit_customizer_options":"","ghostkit_custom_css":"","ghostkit_custom_js_head":"","ghostkit_custom_js_foot":"","ghostkit_typography":"","footnotes":""},"class_list":["post-10491","page","type-page","status-publish","has-post-thumbnail","hentry"],"uagb_featured_image_src":{"full":["https:\/\/asalaranjeiras.org.br\/site\/wp-content\/uploads\/2020\/07\/relat2019.jpeg",1280,720,false],"thumbnail":["https:\/\/asalaranjeiras.org.br\/site\/wp-content\/uploads\/2020\/07\/relat2019-150x84.jpeg",150,84,true],"medium":["https:\/\/asalaranjeiras.org.br\/site\/wp-content\/uploads\/2020\/07\/relat2019-300x169.jpeg",300,169,true],"medium_large":["https:\/\/asalaranjeiras.org.br\/site\/wp-content\/uploads\/2020\/07\/relat2019-768x432.jpeg",768,432,true],"large":["https:\/\/asalaranjeiras.org.br\/site\/wp-content\/uploads\/2020\/07\/relat2019-1024x576.jpeg",1024,576,true],"1536x1536":["https:\/\/asalaranjeiras.org.br\/site\/wp-content\/uploads\/2020\/07\/relat2019.jpeg",1280,720,false],"2048x2048":["https:\/\/asalaranjeiras.org.br\/site\/wp-content\/uploads\/2020\/07\/relat2019.jpeg",1280,720,false],"awb_sm":["https:\/\/asalaranjeiras.org.br\/site\/wp-content\/uploads\/2020\/07\/relat2019.jpeg",500,281,false],"awb_md":["https:\/\/asalaranjeiras.org.br\/site\/wp-content\/uploads\/2020\/07\/relat2019.jpeg",800,450,false],"awb_lg":["https:\/\/asalaranjeiras.org.br\/site\/wp-content\/uploads\/2020\/07\/relat2019.jpeg",1280,720,false],"awb_xl":["https:\/\/asalaranjeiras.org.br\/site\/wp-content\/uploads\/2020\/07\/relat2019.jpeg",1280,720,false],"smr-thumb":["https:\/\/asalaranjeiras.org.br\/site\/wp-content\/uploads\/2020\/07\/relat2019-805x452.jpeg",805,452,true],"smr-thumb-full":["https:\/\/asalaranjeiras.org.br\/site\/wp-content\/uploads\/2020\/07\/relat2019-1090x613.jpeg",1090,613,true]},"uagb_author_info":{"display_name":"Associa\u00e7\u00e3o Cairu\u00e7u","author_link":"https:\/\/asalaranjeiras.org.br\/site\/author\/cairucu\/"},"uagb_comment_info":0,"uagb_excerpt":"*alguns conte\u00fados s\u00e3o melhor visualizados com o celular na horizontal","_links":{"self":[{"href":"https:\/\/asalaranjeiras.org.br\/site\/wp-json\/wp\/v2\/pages\/10491","targetHints":{"allow":["GET"]}}],"collection":[{"href":"https:\/\/asalaranjeiras.org.br\/site\/wp-json\/wp\/v2\/pages"}],"about":[{"href":"https:\/\/asalaranjeiras.org.br\/site\/wp-json\/wp\/v2\/types\/page"}],"author":[{"embeddable":true,"href":"https:\/\/asalaranjeiras.org.br\/site\/wp-json\/wp\/v2\/users\/2"}],"replies":[{"embeddable":true,"href":"https:\/\/asalaranjeiras.org.br\/site\/wp-json\/wp\/v2\/comments?post=10491"}],"version-history":[{"count":5,"href":"https:\/\/asalaranjeiras.org.br\/site\/wp-json\/wp\/v2\/pages\/10491\/revisions"}],"predecessor-version":[{"id":14774,"href":"https:\/\/asalaranjeiras.org.br\/site\/wp-json\/wp\/v2\/pages\/10491\/revisions\/14774"}],"up":[{"embeddable":true,"href":"https:\/\/asalaranjeiras.org.br\/site\/wp-json\/wp\/v2\/pages\/584"}],"wp:featuredmedia":[{"embeddable":true,"href":"https:\/\/asalaranjeiras.org.br\/site\/wp-json\/wp\/v2\/media\/14717"}],"wp:attachment":[{"href":"https:\/\/asalaranjeiras.org.br\/site\/wp-json\/wp\/v2\/media?parent=10491"}],"curies":[{"name":"wp","href":"https:\/\/api.w.org\/{rel}","templated":true}]}}