{"id":13250,"date":"2020-07-15T11:55:14","date_gmt":"2020-07-15T11:55:14","guid":{"rendered":"https:\/\/asalaranjeiras.org.br\/site\/?page_id=13250"},"modified":"2020-07-20T19:27:20","modified_gmt":"2020-07-20T19:27:20","slug":"auditoria-2019","status":"publish","type":"page","link":"https:\/\/asalaranjeiras.org.br\/site\/relatorios\/relatorio-de-auditoria\/auditoria-2019\/","title":{"rendered":"Auditoria 2019"},"content":{"rendered":"\n<hr class=\"wp-block-separator\"\/>\n\n\n<a href=\"https:\/\/asalaranjeiras.org.br\/site\/wp-content\/uploads\/2020\/07\/Relat\u00f3rio-de-Auditoria_2019.pdf\" class=\"pdfemb-viewer\" style=\"\" data-width=\"max\" data-height=\"max\" data-toolbar=\"top\" data-toolbar-fixed=\"on\">Relat\u00f3rio-de-Auditoria_2019<\/a>\n<p class=\"wp-block-pdfemb-pdf-embedder-viewer\"><\/p>\n\n\n\n<div class=\"wp-block-media-text alignwide has-media-on-the-right\" style=\"grid-template-columns:auto 10%\"><figure class=\"wp-block-media-text__media\"><img loading=\"lazy\" decoding=\"async\" width=\"122\" height=\"122\" src=\"https:\/\/asalaranjeiras.org.br\/site\/wp-content\/uploads\/2020\/06\/horizontal.png\" alt=\"\" class=\"wp-image-6427\" srcset=\"https:\/\/asalaranjeiras.org.br\/site\/wp-content\/uploads\/2020\/06\/horizontal.png 122w, https:\/\/asalaranjeiras.org.br\/site\/wp-content\/uploads\/2020\/06\/horizontal-100x100.png 100w\" sizes=\"auto, (max-width: 122px) 100vw, 122px\" \/><\/figure><div class=\"wp-block-media-text__content\">\n<p style=\"font-size:10px\">\n\n*alguns conte\u00fados s\u00e3o melhor visualizados com o celular na horizontal\n\n<\/p>\n<\/div><\/div>\n","protected":false},"excerpt":{"rendered":"<p>*alguns conte\u00fados s\u00e3o melhor visualizados com o celular na horizontal<\/p>\n","protected":false},"author":2,"featured_media":0,"parent":586,"menu_order":0,"comment_status":"closed","ping_status":"closed","template":"","meta":{"_uag_custom_page_level_css":"","ghostkit_customizer_options":"","ghostkit_custom_css":"","ghostkit_custom_js_head":"","ghostkit_custom_js_foot":"","ghostkit_typography":"","footnotes":""},"class_list":["post-13250","page","type-page","status-publish","hentry"],"uagb_featured_image_src":{"full":false,"thumbnail":false,"medium":false,"medium_large":false,"large":false,"1536x1536":false,"2048x2048":false,"awb_sm":false,"awb_md":false,"awb_lg":false,"awb_xl":false,"smr-thumb":false,"smr-thumb-full":false},"uagb_author_info":{"display_name":"Associa\u00e7\u00e3o Cairu\u00e7u","author_link":"https:\/\/asalaranjeiras.org.br\/site\/author\/cairucu\/"},"uagb_comment_info":0,"uagb_excerpt":"*alguns conte\u00fados s\u00e3o melhor visualizados com o celular na horizontal","_links":{"self":[{"href":"https:\/\/asalaranjeiras.org.br\/site\/wp-json\/wp\/v2\/pages\/13250","targetHints":{"allow":["GET"]}}],"collection":[{"href":"https:\/\/asalaranjeiras.org.br\/site\/wp-json\/wp\/v2\/pages"}],"about":[{"href":"https:\/\/asalaranjeiras.org.br\/site\/wp-json\/wp\/v2\/types\/page"}],"author":[{"embeddable":true,"href":"https:\/\/asalaranjeiras.org.br\/site\/wp-json\/wp\/v2\/users\/2"}],"replies":[{"embeddable":true,"href":"https:\/\/asalaranjeiras.org.br\/site\/wp-json\/wp\/v2\/comments?post=13250"}],"version-history":[{"count":2,"href":"https:\/\/asalaranjeiras.org.br\/site\/wp-json\/wp\/v2\/pages\/13250\/revisions"}],"predecessor-version":[{"id":13311,"href":"https:\/\/asalaranjeiras.org.br\/site\/wp-json\/wp\/v2\/pages\/13250\/revisions\/13311"}],"up":[{"embeddable":true,"href":"https:\/\/asalaranjeiras.org.br\/site\/wp-json\/wp\/v2\/pages\/586"}],"wp:attachment":[{"href":"https:\/\/asalaranjeiras.org.br\/site\/wp-json\/wp\/v2\/media?parent=13250"}],"curies":[{"name":"wp","href":"https:\/\/api.w.org\/{rel}","templated":true}]}}