{"id":170,"date":"2019-06-20T04:37:00","date_gmt":"2019-06-20T04:37:00","guid":{"rendered":"http:\/\/asalaranjeiras.org.br\/site\/?page_id=170"},"modified":"2024-02-02T17:19:51","modified_gmt":"2024-02-02T17:19:51","slug":"parceiros","status":"publish","type":"page","link":"https:\/\/asalaranjeiras.org.br\/site\/parceiros\/","title":{"rendered":"Parceiros"},"content":{"rendered":"\n<p><\/p>\n\n\n<style>.kb-row-layout-id170_177565-7b > .kt-row-column-wrap{align-content:start;}:where(.kb-row-layout-id170_177565-7b > .kt-row-column-wrap) > .wp-block-kadence-column{justify-content:start;}.kb-row-layout-id170_177565-7b > .kt-row-column-wrap{column-gap:var(--global-kb-gap-md, 2rem);row-gap:var(--global-kb-gap-md, 2rem);padding-top:var(--global-kb-spacing-sm, 1.5rem);padding-bottom:var(--global-kb-spacing-sm, 1.5rem);grid-template-columns:repeat(4, minmax(0, 1fr));}.kb-row-layout-id170_177565-7b > .kt-row-layout-overlay{opacity:0.30;}@media all and (max-width: 1024px){.kb-row-layout-id170_177565-7b > .kt-row-column-wrap{grid-template-columns:repeat(4, minmax(0, 1fr));}}@media all and (max-width: 767px){.kb-row-layout-id170_177565-7b > .kt-row-column-wrap{grid-template-columns:minmax(0, 1fr);}}<\/style><div class=\"kb-row-layout-wrap kb-row-layout-id170_177565-7b alignnone wp-block-kadence-rowlayout\"><div class=\"kt-row-column-wrap kt-has-4-columns kt-row-layout-equal kt-tab-layout-inherit kt-mobile-layout-row kt-row-valign-top\">\n<style>.kadence-column170_3481e8-35 > .kt-inside-inner-col,.kadence-column170_3481e8-35 > .kt-inside-inner-col:before{border-top-left-radius:0px;border-top-right-radius:0px;border-bottom-right-radius:0px;border-bottom-left-radius:0px;}.kadence-column170_3481e8-35 > .kt-inside-inner-col{column-gap:var(--global-kb-gap-sm, 1rem);}.kadence-column170_3481e8-35 > .kt-inside-inner-col{flex-direction:column;}.kadence-column170_3481e8-35 > .kt-inside-inner-col > .aligncenter{width:100%;}.kadence-column170_3481e8-35 > .kt-inside-inner-col:before{opacity:0.3;}.kadence-column170_3481e8-35{position:relative;}@media all and (max-width: 1024px){.kadence-column170_3481e8-35 > .kt-inside-inner-col{flex-direction:column;}}@media all and (max-width: 767px){.kadence-column170_3481e8-35 > .kt-inside-inner-col{flex-direction:column;}}<\/style>\n<div class=\"wp-block-kadence-column kadence-column170_3481e8-35 inner-column-1\"><div class=\"kt-inside-inner-col\"><div class=\"wp-block-image\">\n<figure class=\"aligncenter size-large is-resized\"><img decoding=\"async\" src=\"https:\/\/asalaranjeiras.org.br\/site\/wp-content\/uploads\/2021\/03\/prefa-1-300x300.jpeg\" alt=\"\" style=\"aspect-ratio:1.4873949579831933;width:188px;height:auto\"\/><\/figure><\/div><\/div><\/div>\n\n\n<style>.kadence-column170_1d1c6b-a3 > .kt-inside-inner-col,.kadence-column170_1d1c6b-a3 > .kt-inside-inner-col:before{border-top-left-radius:0px;border-top-right-radius:0px;border-bottom-right-radius:0px;border-bottom-left-radius:0px;}.kadence-column170_1d1c6b-a3 > .kt-inside-inner-col{column-gap:var(--global-kb-gap-sm, 1rem);}.kadence-column170_1d1c6b-a3 > .kt-inside-inner-col{flex-direction:column;}.kadence-column170_1d1c6b-a3 > .kt-inside-inner-col > .aligncenter{width:100%;}.kadence-column170_1d1c6b-a3 > .kt-inside-inner-col:before{opacity:0.3;}.kadence-column170_1d1c6b-a3{position:relative;}@media all and (max-width: 1024px){.kadence-column170_1d1c6b-a3 > .kt-inside-inner-col{flex-direction:column;}}@media all and (max-width: 767px){.kadence-column170_1d1c6b-a3 > .kt-inside-inner-col{flex-direction:column;}}<\/style>\n<div class=\"wp-block-kadence-column kadence-column170_1d1c6b-a3 inner-column-2\"><div class=\"kt-inside-inner-col\"><div class=\"wp-block-image\">\n<figure class=\"aligncenter size-large is-resized\"><img loading=\"lazy\" decoding=\"async\" width=\"1024\" height=\"728\" src=\"https:\/\/asalaranjeiras.org.br\/site\/wp-content\/uploads\/2021\/07\/0011-1024x728.jpg\" alt=\"\" class=\"wp-image-47596\" style=\"width:170px;height:120px\" srcset=\"https:\/\/asalaranjeiras.org.br\/site\/wp-content\/uploads\/2021\/07\/0011-1024x728.jpg 1024w, https:\/\/asalaranjeiras.org.br\/site\/wp-content\/uploads\/2021\/07\/0011-300x213.jpg 300w, https:\/\/asalaranjeiras.org.br\/site\/wp-content\/uploads\/2021\/07\/0011-150x107.jpg 150w, https:\/\/asalaranjeiras.org.br\/site\/wp-content\/uploads\/2021\/07\/0011-768x546.jpg 768w, https:\/\/asalaranjeiras.org.br\/site\/wp-content\/uploads\/2021\/07\/0011-1536x1092.jpg 1536w, https:\/\/asalaranjeiras.org.br\/site\/wp-content\/uploads\/2021\/07\/0011-2048x1456.jpg 2048w, https:\/\/asalaranjeiras.org.br\/site\/wp-content\/uploads\/2021\/07\/0011-500x356.jpg 500w, https:\/\/asalaranjeiras.org.br\/site\/wp-content\/uploads\/2021\/07\/0011-800x569.jpg 800w, https:\/\/asalaranjeiras.org.br\/site\/wp-content\/uploads\/2021\/07\/0011-1280x910.jpg 1280w, https:\/\/asalaranjeiras.org.br\/site\/wp-content\/uploads\/2021\/07\/0011-1920x1365.jpg 1920w, https:\/\/asalaranjeiras.org.br\/site\/wp-content\/uploads\/2021\/07\/0011-600x427.jpg 600w\" sizes=\"auto, (max-width: 1024px) 100vw, 1024px\" \/><\/figure><\/div><\/div><\/div>\n\n\n<style>.kadence-column170_1a34a7-72 > .kt-inside-inner-col,.kadence-column170_1a34a7-72 > .kt-inside-inner-col:before{border-top-left-radius:0px;border-top-right-radius:0px;border-bottom-right-radius:0px;border-bottom-left-radius:0px;}.kadence-column170_1a34a7-72 > .kt-inside-inner-col{column-gap:var(--global-kb-gap-sm, 1rem);}.kadence-column170_1a34a7-72 > .kt-inside-inner-col{flex-direction:column;}.kadence-column170_1a34a7-72 > .kt-inside-inner-col > .aligncenter{width:100%;}.kadence-column170_1a34a7-72 > .kt-inside-inner-col:before{opacity:0.3;}.kadence-column170_1a34a7-72{position:relative;}@media all and (max-width: 1024px){.kadence-column170_1a34a7-72 > .kt-inside-inner-col{flex-direction:column;}}@media all and (max-width: 767px){.kadence-column170_1a34a7-72 > .kt-inside-inner-col{flex-direction:column;}}<\/style>\n<div class=\"wp-block-kadence-column kadence-column170_1a34a7-72 inner-column-3\"><div class=\"kt-inside-inner-col\"><div class=\"wp-block-image\">\n<figure class=\"aligncenter size-large is-resized\"><img decoding=\"async\" src=\"https:\/\/asalaranjeiras.org.br\/site\/wp-content\/uploads\/2021\/07\/0007-1024x728.jpg\" alt=\"\" style=\"aspect-ratio:1;width:125px;height:auto\"\/><\/figure><\/div><\/div><\/div>\n\n\n<style>.kadence-column170_80adaf-15 > .kt-inside-inner-col,.kadence-column170_80adaf-15 > .kt-inside-inner-col:before{border-top-left-radius:0px;border-top-right-radius:0px;border-bottom-right-radius:0px;border-bottom-left-radius:0px;}.kadence-column170_80adaf-15 > .kt-inside-inner-col{column-gap:var(--global-kb-gap-sm, 1rem);}.kadence-column170_80adaf-15 > .kt-inside-inner-col{flex-direction:column;}.kadence-column170_80adaf-15 > .kt-inside-inner-col > .aligncenter{width:100%;}.kadence-column170_80adaf-15 > .kt-inside-inner-col:before{opacity:0.3;}.kadence-column170_80adaf-15{position:relative;}@media all and (max-width: 1024px){.kadence-column170_80adaf-15 > .kt-inside-inner-col{flex-direction:column;}}@media all and (max-width: 767px){.kadence-column170_80adaf-15 > .kt-inside-inner-col{flex-direction:column;}}<\/style>\n<div class=\"wp-block-kadence-column kadence-column170_80adaf-15 inner-column-4\"><div class=\"kt-inside-inner-col\"><div class=\"wp-block-image\">\n<figure class=\"aligncenter size-large is-resized\"><img decoding=\"async\" src=\"https:\/\/asalaranjeiras.org.br\/site\/wp-content\/uploads\/2021\/03\/recode-1-300x300.jpeg\" alt=\"\" style=\"aspect-ratio:1;width:134px;height:auto\"\/><\/figure><\/div>\n\n\n<p><\/p>\n<\/div><\/div>\n\n<\/div><\/div>\n\n<style>.kb-row-layout-id170_fb12d1-c8 > .kt-row-column-wrap{align-content:start;}:where(.kb-row-layout-id170_fb12d1-c8 > .kt-row-column-wrap) > .wp-block-kadence-column{justify-content:start;}.kb-row-layout-id170_fb12d1-c8 > .kt-row-column-wrap{column-gap:var(--global-kb-gap-md, 2rem);row-gap:var(--global-kb-gap-md, 2rem);padding-top:var(--global-kb-spacing-sm, 1.5rem);padding-bottom:var(--global-kb-spacing-sm, 1.5rem);grid-template-columns:repeat(5, minmax(0, 1fr));}.kb-row-layout-id170_fb12d1-c8 > .kt-row-layout-overlay{opacity:0.30;}@media all and (max-width: 1024px){.kb-row-layout-id170_fb12d1-c8 > .kt-row-column-wrap{grid-template-columns:repeat(5, minmax(0, 1fr));}}@media all and (max-width: 767px){.kb-row-layout-id170_fb12d1-c8 > .kt-row-column-wrap{grid-template-columns:minmax(0, 1fr);}}<\/style><div class=\"kb-row-layout-wrap kb-row-layout-id170_fb12d1-c8 alignnone wp-block-kadence-rowlayout\"><div class=\"kt-row-column-wrap kt-has-5-columns kt-row-layout-equal kt-tab-layout-inherit kt-mobile-layout-row kt-row-valign-top\">\n<style>.kadence-column170_47d8e5-c8 > .kt-inside-inner-col,.kadence-column170_47d8e5-c8 > .kt-inside-inner-col:before{border-top-left-radius:0px;border-top-right-radius:0px;border-bottom-right-radius:0px;border-bottom-left-radius:0px;}.kadence-column170_47d8e5-c8 > .kt-inside-inner-col{column-gap:var(--global-kb-gap-sm, 1rem);}.kadence-column170_47d8e5-c8 > .kt-inside-inner-col{flex-direction:column;}.kadence-column170_47d8e5-c8 > .kt-inside-inner-col > .aligncenter{width:100%;}.kadence-column170_47d8e5-c8 > .kt-inside-inner-col:before{opacity:0.3;}.kadence-column170_47d8e5-c8{position:relative;}@media all and (max-width: 1024px){.kadence-column170_47d8e5-c8 > .kt-inside-inner-col{flex-direction:column;}}@media all and (max-width: 767px){.kadence-column170_47d8e5-c8 > .kt-inside-inner-col{flex-direction:column;}}<\/style>\n<div class=\"wp-block-kadence-column kadence-column170_47d8e5-c8 inner-column-1\"><div class=\"kt-inside-inner-col\"><\/div><\/div>\n\n\n<style>.kadence-column170_b4c572-65 > .kt-inside-inner-col,.kadence-column170_b4c572-65 > .kt-inside-inner-col:before{border-top-left-radius:0px;border-top-right-radius:0px;border-bottom-right-radius:0px;border-bottom-left-radius:0px;}.kadence-column170_b4c572-65 > .kt-inside-inner-col{column-gap:var(--global-kb-gap-sm, 1rem);}.kadence-column170_b4c572-65 > .kt-inside-inner-col{flex-direction:column;}.kadence-column170_b4c572-65 > .kt-inside-inner-col > .aligncenter{width:100%;}.kadence-column170_b4c572-65 > .kt-inside-inner-col:before{opacity:0.3;}.kadence-column170_b4c572-65{position:relative;}@media all and (max-width: 1024px){.kadence-column170_b4c572-65 > .kt-inside-inner-col{flex-direction:column;}}@media all and (max-width: 767px){.kadence-column170_b4c572-65 > .kt-inside-inner-col{flex-direction:column;}}<\/style>\n<div class=\"wp-block-kadence-column kadence-column170_b4c572-65 inner-column-2\"><div class=\"kt-inside-inner-col\">\n<figure class=\"wp-block-image size-large is-resized\"><img decoding=\"async\" src=\"https:\/\/asalaranjeiras.org.br\/site\/wp-content\/uploads\/2021\/07\/human-300x300-1.jpeg\" alt=\"\" style=\"aspect-ratio:1;width:144px;height:auto\"\/><\/figure>\n<\/div><\/div>\n\n\n<style>.kadence-column170_f5ea7b-cb > .kt-inside-inner-col,.kadence-column170_f5ea7b-cb > .kt-inside-inner-col:before{border-top-left-radius:0px;border-top-right-radius:0px;border-bottom-right-radius:0px;border-bottom-left-radius:0px;}.kadence-column170_f5ea7b-cb > .kt-inside-inner-col{column-gap:var(--global-kb-gap-sm, 1rem);}.kadence-column170_f5ea7b-cb > .kt-inside-inner-col{flex-direction:column;}.kadence-column170_f5ea7b-cb > .kt-inside-inner-col > .aligncenter{width:100%;}.kadence-column170_f5ea7b-cb > .kt-inside-inner-col:before{opacity:0.3;}.kadence-column170_f5ea7b-cb{position:relative;}@media all and (max-width: 1024px){.kadence-column170_f5ea7b-cb > .kt-inside-inner-col{flex-direction:column;}}@media all and (max-width: 767px){.kadence-column170_f5ea7b-cb > .kt-inside-inner-col{flex-direction:column;}}<\/style>\n<div class=\"wp-block-kadence-column kadence-column170_f5ea7b-cb inner-column-3\"><div class=\"kt-inside-inner-col\">\n<figure class=\"wp-block-image size-large\"><img decoding=\"async\" src=\"https:\/\/asalaranjeiras.org.br\/site\/wp-content\/uploads\/2021\/07\/LOGO-CASA-DA-CULTURA-DE-PARATY-C.-TORRES-AZUL-1-1024x661.png\" alt=\"\"\/><\/figure>\n<\/div><\/div>\n\n\n<style>.kadence-column170_40f067-69 > .kt-inside-inner-col,.kadence-column170_40f067-69 > .kt-inside-inner-col:before{border-top-left-radius:0px;border-top-right-radius:0px;border-bottom-right-radius:0px;border-bottom-left-radius:0px;}.kadence-column170_40f067-69 > .kt-inside-inner-col{column-gap:var(--global-kb-gap-sm, 1rem);}.kadence-column170_40f067-69 > .kt-inside-inner-col{flex-direction:column;}.kadence-column170_40f067-69 > .kt-inside-inner-col > .aligncenter{width:100%;}.kadence-column170_40f067-69 > .kt-inside-inner-col:before{opacity:0.3;}.kadence-column170_40f067-69{position:relative;}@media all and (max-width: 1024px){.kadence-column170_40f067-69 > .kt-inside-inner-col{flex-direction:column;}}@media all and (max-width: 767px){.kadence-column170_40f067-69 > .kt-inside-inner-col{flex-direction:column;}}<\/style>\n<div class=\"wp-block-kadence-column kadence-column170_40f067-69 inner-column-4\"><div class=\"kt-inside-inner-col\"><div class=\"wp-block-image\">\n<figure class=\"aligncenter size-large\"><img loading=\"lazy\" decoding=\"async\" width=\"1024\" height=\"1024\" src=\"https:\/\/asalaranjeiras.org.br\/site\/wp-content\/uploads\/2021\/03\/amigos.jpeg\" alt=\"\" class=\"wp-image-47232\" srcset=\"https:\/\/asalaranjeiras.org.br\/site\/wp-content\/uploads\/2021\/03\/amigos.jpeg 1024w, https:\/\/asalaranjeiras.org.br\/site\/wp-content\/uploads\/2021\/03\/amigos-300x300.jpeg 300w, https:\/\/asalaranjeiras.org.br\/site\/wp-content\/uploads\/2021\/03\/amigos-150x150.jpeg 150w, https:\/\/asalaranjeiras.org.br\/site\/wp-content\/uploads\/2021\/03\/amigos-768x768.jpeg 768w, https:\/\/asalaranjeiras.org.br\/site\/wp-content\/uploads\/2021\/03\/amigos-500x500.jpeg 500w, https:\/\/asalaranjeiras.org.br\/site\/wp-content\/uploads\/2021\/03\/amigos-800x800.jpeg 800w, https:\/\/asalaranjeiras.org.br\/site\/wp-content\/uploads\/2021\/03\/amigos-600x600.jpeg 600w, https:\/\/asalaranjeiras.org.br\/site\/wp-content\/uploads\/2021\/03\/amigos-100x100.jpeg 100w\" sizes=\"auto, (max-width: 1024px) 100vw, 1024px\" \/><\/figure><\/div><\/div><\/div>\n\n\n<style>.kadence-column170_a22166-c4 > .kt-inside-inner-col,.kadence-column170_a22166-c4 > .kt-inside-inner-col:before{border-top-left-radius:0px;border-top-right-radius:0px;border-bottom-right-radius:0px;border-bottom-left-radius:0px;}.kadence-column170_a22166-c4 > .kt-inside-inner-col{column-gap:var(--global-kb-gap-sm, 1rem);}.kadence-column170_a22166-c4 > .kt-inside-inner-col{flex-direction:column;}.kadence-column170_a22166-c4 > .kt-inside-inner-col > .aligncenter{width:100%;}.kadence-column170_a22166-c4 > .kt-inside-inner-col:before{opacity:0.3;}.kadence-column170_a22166-c4{position:relative;}@media all and (max-width: 1024px){.kadence-column170_a22166-c4 > .kt-inside-inner-col{flex-direction:column;}}@media all and (max-width: 767px){.kadence-column170_a22166-c4 > .kt-inside-inner-col{flex-direction:column;}}<\/style>\n<div class=\"wp-block-kadence-column kadence-column170_a22166-c4 inner-column-5\"><div class=\"kt-inside-inner-col\"><\/div><\/div>\n\n<\/div><\/div>\n\n\n<p><\/p>\n","protected":false},"excerpt":{"rendered":"","protected":false},"author":2,"featured_media":0,"parent":0,"menu_order":0,"comment_status":"closed","ping_status":"closed","template":"","meta":{"_uag_custom_page_level_css":"","ghostkit_customizer_options":"","ghostkit_custom_css":"","ghostkit_custom_js_head":"","ghostkit_custom_js_foot":"","ghostkit_typography":"","footnotes":""},"class_list":["post-170","page","type-page","status-publish","hentry"],"uagb_featured_image_src":{"full":false,"thumbnail":false,"medium":false,"medium_large":false,"large":false,"1536x1536":false,"2048x2048":false,"awb_sm":false,"awb_md":false,"awb_lg":false,"awb_xl":false,"smr-thumb":false,"smr-thumb-full":false},"uagb_author_info":{"display_name":"Associa\u00e7\u00e3o Cairu\u00e7u","author_link":"https:\/\/asalaranjeiras.org.br\/site\/author\/cairucu\/"},"uagb_comment_info":0,"uagb_excerpt":null,"_links":{"self":[{"href":"https:\/\/asalaranjeiras.org.br\/site\/wp-json\/wp\/v2\/pages\/170","targetHints":{"allow":["GET"]}}],"collection":[{"href":"https:\/\/asalaranjeiras.org.br\/site\/wp-json\/wp\/v2\/pages"}],"about":[{"href":"https:\/\/asalaranjeiras.org.br\/site\/wp-json\/wp\/v2\/types\/page"}],"author":[{"embeddable":true,"href":"https:\/\/asalaranjeiras.org.br\/site\/wp-json\/wp\/v2\/users\/2"}],"replies":[{"embeddable":true,"href":"https:\/\/asalaranjeiras.org.br\/site\/wp-json\/wp\/v2\/comments?post=170"}],"version-history":[{"count":19,"href":"https:\/\/asalaranjeiras.org.br\/site\/wp-json\/wp\/v2\/pages\/170\/revisions"}],"predecessor-version":[{"id":49175,"href":"https:\/\/asalaranjeiras.org.br\/site\/wp-json\/wp\/v2\/pages\/170\/revisions\/49175"}],"wp:attachment":[{"href":"https:\/\/asalaranjeiras.org.br\/site\/wp-json\/wp\/v2\/media?parent=170"}],"curies":[{"name":"wp","href":"https:\/\/api.w.org\/{rel}","templated":true}]}}