{"id":35339,"date":"2020-09-24T18:16:54","date_gmt":"2020-09-24T18:16:54","guid":{"rendered":"https:\/\/asalaranjeiras.org.br\/site\/?page_id=35339"},"modified":"2022-03-16T14:26:51","modified_gmt":"2022-03-16T14:26:51","slug":"revista-aves-da-minha-escola","status":"publish","type":"page","link":"https:\/\/asalaranjeiras.org.br\/site\/revista-aves-da-minha-escola\/","title":{"rendered":"Revista Aves da Minha Escola"},"content":{"rendered":"\n<p class=\"has-text-align-center has-large-font-size\"><strong>REVISTA AVES 2019<\/strong><\/p>\n\n\n\n<hr class=\"wp-block-separator\"\/>\n\n\n<div class=\"_df_book df-lite\" id=\"df_35300\"  _slug=\"aves-2019\" data-title=\"aves-2019\" wpoptions=\"true\" thumbtype=\"\" ><\/div><script class=\"df-shortcode-script\" nowprocket type=\"application\/javascript\">window.option_df_35300 = {\"outline\":[],\"autoEnableOutline\":\"false\",\"autoEnableThumbnail\":\"false\",\"overwritePDFOutline\":\"false\",\"direction\":\"1\",\"pageSize\":\"0\",\"source\":\"https:\\\/\\\/asalaranjeiras.org.br\\\/site\\\/wp-content\\\/uploads\\\/2020\\\/09\\\/revista-ame2019.pdf\",\"wpOptions\":\"true\"}; if(window.DFLIP && window.DFLIP.parseBooks){window.DFLIP.parseBooks();}<\/script>\n\n\n\n<hr class=\"wp-block-separator\"\/>\n\n\n\n<p>N\u00fameros anteriores<\/p>\n\n\n<div class=\"pt-cv-wrapper\"><div class=\"pt-cv-view pt-cv-grid pt-cv-colsys\" id=\"pt-cv-view-cb349c386x\"><div data-id=\"pt-cv-page-1\" class=\"pt-cv-page\" data-cvc=\"5\"><div class=\"col-md-2 col-sm-6 col-xs-12 pt-cv-content-item pt-cv-1-col\" ><div class='pt-cv-ifield'><a href=\"https:\/\/asalaranjeiras.org.br\/site\/revista-aves-2018\/\" class=\"_self pt-cv-href-thumbnail pt-cv-thumb-default\" target=\"_self\" ><img loading=\"lazy\" decoding=\"async\" width=\"224\" height=\"300\" src=\"https:\/\/asalaranjeiras.org.br\/site\/wp-content\/uploads\/2020\/09\/WhatsApp-Image-2020-09-24-at-12.46.43-224x300.jpeg\" class=\"pt-cv-thumbnail\" alt=\"\" srcset=\"https:\/\/asalaranjeiras.org.br\/site\/wp-content\/uploads\/2020\/09\/WhatsApp-Image-2020-09-24-at-12.46.43-224x300.jpeg 224w, https:\/\/asalaranjeiras.org.br\/site\/wp-content\/uploads\/2020\/09\/WhatsApp-Image-2020-09-24-at-12.46.43-112x150.jpeg 112w, https:\/\/asalaranjeiras.org.br\/site\/wp-content\/uploads\/2020\/09\/WhatsApp-Image-2020-09-24-at-12.46.43.jpeg 457w\" sizes=\"auto, (max-width: 224px) 100vw, 224px\" \/><\/a>\n<h4 class=\"pt-cv-title\"><a href=\"https:\/\/asalaranjeiras.org.br\/site\/revista-aves-2018\/\" class=\"_self\" target=\"_self\" >Revista Aves 2018<\/a><\/h4>\n<div class=\"pt-cv-content\"><div class=\"pt-cv-rmwrap\"><a href=\"https:\/\/asalaranjeiras.org.br\/site\/revista-aves-2018\/\" class=\"_self pt-cv-readmore btn btn-success\" target=\"_self\">Leia Mais<\/a><\/div><\/div><\/div><\/div>\n<div class=\"col-md-2 col-sm-6 col-xs-12 pt-cv-content-item pt-cv-1-col\" ><div class='pt-cv-ifield'><a href=\"https:\/\/asalaranjeiras.org.br\/site\/revista-aves-2017\/\" class=\"_self pt-cv-href-thumbnail pt-cv-thumb-default\" target=\"_self\" ><img loading=\"lazy\" decoding=\"async\" width=\"221\" height=\"300\" src=\"https:\/\/asalaranjeiras.org.br\/site\/wp-content\/uploads\/2020\/09\/WhatsApp-Image-2020-09-24-at-12.46.26-221x300.jpeg\" class=\"pt-cv-thumbnail\" alt=\"\" srcset=\"https:\/\/asalaranjeiras.org.br\/site\/wp-content\/uploads\/2020\/09\/WhatsApp-Image-2020-09-24-at-12.46.26-221x300.jpeg 221w, https:\/\/asalaranjeiras.org.br\/site\/wp-content\/uploads\/2020\/09\/WhatsApp-Image-2020-09-24-at-12.46.26-111x150.jpeg 111w, https:\/\/asalaranjeiras.org.br\/site\/wp-content\/uploads\/2020\/09\/WhatsApp-Image-2020-09-24-at-12.46.26-768x1042.jpeg 768w, https:\/\/asalaranjeiras.org.br\/site\/wp-content\/uploads\/2020\/09\/WhatsApp-Image-2020-09-24-at-12.46.26-754x1024.jpeg 754w, https:\/\/asalaranjeiras.org.br\/site\/wp-content\/uploads\/2020\/09\/WhatsApp-Image-2020-09-24-at-12.46.26-600x814.jpeg 600w, https:\/\/asalaranjeiras.org.br\/site\/wp-content\/uploads\/2020\/09\/WhatsApp-Image-2020-09-24-at-12.46.26.jpeg 943w\" sizes=\"auto, (max-width: 221px) 100vw, 221px\" \/><\/a>\n<h4 class=\"pt-cv-title\"><a href=\"https:\/\/asalaranjeiras.org.br\/site\/revista-aves-2017\/\" class=\"_self\" target=\"_self\" >Revista Aves 2017<\/a><\/h4>\n<div class=\"pt-cv-content\"><div class=\"pt-cv-rmwrap\"><a href=\"https:\/\/asalaranjeiras.org.br\/site\/revista-aves-2017\/\" class=\"_self pt-cv-readmore btn btn-success\" target=\"_self\">Leia Mais<\/a><\/div><\/div><\/div><\/div><\/div><\/div><\/div>\n","protected":false},"excerpt":{"rendered":"<p>REVISTA AVES 2019 N\u00fameros anteriores<\/p>\n","protected":false},"author":2,"featured_media":35342,"parent":0,"menu_order":0,"comment_status":"closed","ping_status":"closed","template":"template-fullwidth.php","meta":{"_uag_custom_page_level_css":"","ghostkit_customizer_options":"","ghostkit_custom_css":"","ghostkit_custom_js_head":"","ghostkit_custom_js_foot":"","ghostkit_typography":"","footnotes":""},"class_list":["post-35339","page","type-page","status-publish","has-post-thumbnail","hentry"],"uagb_featured_image_src":{"full":["https:\/\/asalaranjeiras.org.br\/site\/wp-content\/uploads\/2020\/09\/WhatsApp-Image-2020-09-24-at-12.47.03.jpeg",458,633,false],"thumbnail":["https:\/\/asalaranjeiras.org.br\/site\/wp-content\/uploads\/2020\/09\/WhatsApp-Image-2020-09-24-at-12.47.03-109x150.jpeg",109,150,true],"medium":["https:\/\/asalaranjeiras.org.br\/site\/wp-content\/uploads\/2020\/09\/WhatsApp-Image-2020-09-24-at-12.47.03-217x300.jpeg",217,300,true],"medium_large":["https:\/\/asalaranjeiras.org.br\/site\/wp-content\/uploads\/2020\/09\/WhatsApp-Image-2020-09-24-at-12.47.03.jpeg",458,633,false],"large":["https:\/\/asalaranjeiras.org.br\/site\/wp-content\/uploads\/2020\/09\/WhatsApp-Image-2020-09-24-at-12.47.03.jpeg",458,633,false],"1536x1536":["https:\/\/asalaranjeiras.org.br\/site\/wp-content\/uploads\/2020\/09\/WhatsApp-Image-2020-09-24-at-12.47.03.jpeg",458,633,false],"2048x2048":["https:\/\/asalaranjeiras.org.br\/site\/wp-content\/uploads\/2020\/09\/WhatsApp-Image-2020-09-24-at-12.47.03.jpeg",458,633,false],"awb_sm":["https:\/\/asalaranjeiras.org.br\/site\/wp-content\/uploads\/2020\/09\/WhatsApp-Image-2020-09-24-at-12.47.03.jpeg",458,633,false],"awb_md":["https:\/\/asalaranjeiras.org.br\/site\/wp-content\/uploads\/2020\/09\/WhatsApp-Image-2020-09-24-at-12.47.03.jpeg",458,633,false],"awb_lg":["https:\/\/asalaranjeiras.org.br\/site\/wp-content\/uploads\/2020\/09\/WhatsApp-Image-2020-09-24-at-12.47.03.jpeg",458,633,false],"awb_xl":["https:\/\/asalaranjeiras.org.br\/site\/wp-content\/uploads\/2020\/09\/WhatsApp-Image-2020-09-24-at-12.47.03.jpeg",458,633,false],"smr-thumb":["https:\/\/asalaranjeiras.org.br\/site\/wp-content\/uploads\/2020\/09\/WhatsApp-Image-2020-09-24-at-12.47.03-458x452.jpeg",458,452,true],"smr-thumb-full":["https:\/\/asalaranjeiras.org.br\/site\/wp-content\/uploads\/2020\/09\/WhatsApp-Image-2020-09-24-at-12.47.03-458x613.jpeg",458,613,true]},"uagb_author_info":{"display_name":"Associa\u00e7\u00e3o Cairu\u00e7u","author_link":"https:\/\/asalaranjeiras.org.br\/site\/author\/cairucu\/"},"uagb_comment_info":0,"uagb_excerpt":"REVISTA AVES 2019 N\u00fameros anteriores","_links":{"self":[{"href":"https:\/\/asalaranjeiras.org.br\/site\/wp-json\/wp\/v2\/pages\/35339","targetHints":{"allow":["GET"]}}],"collection":[{"href":"https:\/\/asalaranjeiras.org.br\/site\/wp-json\/wp\/v2\/pages"}],"about":[{"href":"https:\/\/asalaranjeiras.org.br\/site\/wp-json\/wp\/v2\/types\/page"}],"author":[{"embeddable":true,"href":"https:\/\/asalaranjeiras.org.br\/site\/wp-json\/wp\/v2\/users\/2"}],"replies":[{"embeddable":true,"href":"https:\/\/asalaranjeiras.org.br\/site\/wp-json\/wp\/v2\/comments?post=35339"}],"version-history":[{"count":3,"href":"https:\/\/asalaranjeiras.org.br\/site\/wp-json\/wp\/v2\/pages\/35339\/revisions"}],"predecessor-version":[{"id":48222,"href":"https:\/\/asalaranjeiras.org.br\/site\/wp-json\/wp\/v2\/pages\/35339\/revisions\/48222"}],"wp:featuredmedia":[{"embeddable":true,"href":"https:\/\/asalaranjeiras.org.br\/site\/wp-json\/wp\/v2\/media\/35342"}],"wp:attachment":[{"href":"https:\/\/asalaranjeiras.org.br\/site\/wp-json\/wp\/v2\/media?parent=35339"}],"curies":[{"name":"wp","href":"https:\/\/api.w.org\/{rel}","templated":true}]}}