{"id":46680,"date":"2021-03-05T16:00:23","date_gmt":"2021-03-05T16:00:23","guid":{"rendered":"https:\/\/asalaranjeiras.org.br\/site\/?page_id=46680"},"modified":"2024-02-23T23:47:01","modified_gmt":"2024-02-23T23:47:01","slug":"quem-somos","status":"publish","type":"page","link":"https:\/\/asalaranjeiras.org.br\/site\/quem-somos\/","title":{"rendered":"Quem Somos"},"content":{"rendered":"<style>.kb-row-layout-id46680_be5c70-ef > .kt-row-column-wrap{align-content:start;}:where(.kb-row-layout-id46680_be5c70-ef > .kt-row-column-wrap) > .wp-block-kadence-column{justify-content:start;}.kb-row-layout-id46680_be5c70-ef > .kt-row-column-wrap{column-gap:var(--global-kb-gap-md, 2rem);row-gap:var(--global-kb-gap-md, 2rem);padding-top:var(--global-kb-spacing-sm, 1.5rem);padding-bottom:var(--global-kb-spacing-sm, 1.5rem);grid-template-columns:minmax(0, 1fr);}.kb-row-layout-id46680_be5c70-ef > .kt-row-layout-overlay{opacity:0.30;}@media all and (max-width: 1024px){.kb-row-layout-id46680_be5c70-ef > .kt-row-column-wrap{grid-template-columns:minmax(0, 1fr);}}@media all and (max-width: 767px){.kb-row-layout-id46680_be5c70-ef > .kt-row-column-wrap{grid-template-columns:minmax(0, 1fr);}}<\/style><div class=\"kb-row-layout-wrap kb-row-layout-id46680_be5c70-ef alignnone wp-block-kadence-rowlayout\"><div class=\"kt-row-column-wrap kt-has-1-columns kt-row-layout-equal kt-tab-layout-inherit kt-mobile-layout-row kt-row-valign-top\">\n<style>.kadence-column46680_011361-98 > .kt-inside-inner-col,.kadence-column46680_011361-98 > .kt-inside-inner-col:before{border-top-left-radius:0px;border-top-right-radius:0px;border-bottom-right-radius:0px;border-bottom-left-radius:0px;}.kadence-column46680_011361-98 > .kt-inside-inner-col{column-gap:var(--global-kb-gap-sm, 1rem);}.kadence-column46680_011361-98 > .kt-inside-inner-col{flex-direction:column;}.kadence-column46680_011361-98 > .kt-inside-inner-col > .aligncenter{width:100%;}.kadence-column46680_011361-98 > .kt-inside-inner-col:before{opacity:0.3;}.kadence-column46680_011361-98{position:relative;}@media all and (max-width: 1024px){.kadence-column46680_011361-98 > .kt-inside-inner-col{flex-direction:column;}}@media all and (max-width: 767px){.kadence-column46680_011361-98 > .kt-inside-inner-col{flex-direction:column;}}<\/style>\n<div class=\"wp-block-kadence-column kadence-column46680_011361-98 inner-column-1\"><div class=\"kt-inside-inner-col\"><style>.kb-row-layout-wrap.wp-block-kadence-rowlayout.kb-row-layout-id46680_06f9f9-3c{margin-top:2px;}.kb-row-layout-id46680_06f9f9-3c > .kt-row-column-wrap{align-content:start;}:where(.kb-row-layout-id46680_06f9f9-3c > .kt-row-column-wrap) > .wp-block-kadence-column{justify-content:start;}.kb-row-layout-id46680_06f9f9-3c > .kt-row-column-wrap{column-gap:var(--global-kb-gap-md, 2rem);row-gap:var(--global-kb-gap-md, 2rem);padding-top:2px;padding-bottom:25px;grid-template-columns:minmax(0, 1fr);}.kb-row-layout-id46680_06f9f9-3c{background-image:url('https:\/\/asalaranjeiras.org.br\/site\/wp-content\/uploads\/2021\/02\/background-tecnologia-verde-1.png');background-size:cover;background-position:center center;background-attachment:scroll;background-repeat:no-repeat;}.kb-row-layout-id46680_06f9f9-3c > .kt-row-layout-overlay{opacity:0.30;}@media all and (max-width: 1024px){.kb-row-layout-id46680_06f9f9-3c > .kt-row-column-wrap{grid-template-columns:minmax(0, 1fr);}}@media all and (max-width: 767px){.kb-row-layout-wrap.wp-block-kadence-rowlayout.kb-row-layout-id46680_06f9f9-3c{margin-top:0px;}.kb-row-layout-id46680_06f9f9-3c > .kt-row-column-wrap{padding-top:21px;grid-template-columns:minmax(0, 1fr);}}<\/style><div class=\"kb-row-layout-wrap kb-row-layout-id46680_06f9f9-3c alignnone kt-row-has-bg wp-block-kadence-rowlayout\"><div class=\"kt-row-column-wrap kt-has-1-columns kt-row-layout-equal kt-tab-layout-inherit kt-mobile-layout-row kt-row-valign-top\">\n<style>.kadence-column46680_d0b435-4a, .kt-inside-inner-col > .kadence-column46680_d0b435-4a:not(.specificity){margin-right:13px;margin-bottom:1px;margin-left:13px;}.kadence-column46680_d0b435-4a > .kt-inside-inner-col,.kadence-column46680_d0b435-4a > .kt-inside-inner-col:before{border-top-left-radius:0px;border-top-right-radius:0px;border-bottom-right-radius:0px;border-bottom-left-radius:0px;}.kadence-column46680_d0b435-4a > .kt-inside-inner-col{column-gap:var(--global-kb-gap-sm, 1rem);}.kadence-column46680_d0b435-4a > .kt-inside-inner-col{flex-direction:column;}.kadence-column46680_d0b435-4a > .kt-inside-inner-col > .aligncenter{width:100%;}.kadence-column46680_d0b435-4a > .kt-inside-inner-col:before{opacity:0.3;}.kadence-column46680_d0b435-4a{position:relative;}@media all and (max-width: 1024px){.kadence-column46680_d0b435-4a > .kt-inside-inner-col{flex-direction:column;}}@media all and (max-width: 767px){.kadence-column46680_d0b435-4a > .kt-inside-inner-col{flex-direction:column;}}<\/style>\n<div class=\"wp-block-kadence-column kadence-column46680_d0b435-4a inner-column-1\"><div class=\"kt-inside-inner-col\">\n<p>Somos a ASA Laranjeiras (Associa\u00e7\u00e3o Socioambiental Laranjeiras), bra\u00e7o social do Condom\u00ednio Laranjeiras, localizada em Paraty (RJ), munic\u00edpio reconhecido como Patrim\u00f4nio Mundial pela Unesco por sua cultura e biodiversidade.<\/p>\n\n\n\n<p>A atua\u00e7\u00e3o da ASA Laranjeiras se inspira e d\u00e1 continuidade aos projetos que come\u00e7aram a ser desenvolvidos em 1992, com o Instituto Escolar Laranjeiras (IEL), e que foram consolidados, a partir de 2002, pela Associa\u00e7\u00e3o Cairu\u00e7u.<\/p>\n\n\n\n<p>Com o objetivo de contribuir com o desenvolvimento humano e social da regi\u00e3o, nossa funda\u00e7\u00e3o aconteceu em 2023, incorporando a estrutura e a filosofia de trabalho da Associa\u00e7\u00e3o Cairu\u00e7u.<\/p>\n\n\n\n<p>Atuamos em tr\u00eas Centros Educa\u00e7\u00e3o Asa Laranjeiras (CEALs), localizados nos bairros Patrim\u00f4nio, Vila Orat\u00f3rio e Ponta Negra, e nas escolas parceiras da rede de ensino municipal, com projetos de foco social e ambiental, promovendo o encontro entre comunidade, fam\u00edlia e escola para fortificar as redes de prote\u00e7\u00e3o social de crian\u00e7as e adolescentes.<\/p>\n\n\n\n<p>Dessa forma, a ASA Laranjeiras se apresenta como um territ\u00f3rio de materializa\u00e7\u00e3o de sonhos, de conhecimento e de integra\u00e7\u00e3o ao meio ambiente.<\/p>\n\n\n\n<p>.<\/p>\n<\/div><\/div>\n\n<\/div><\/div>\n\n\n<p><\/p>\n<\/div><\/div>\n\n<\/div><\/div>\n\n<style>.kb-row-layout-id46680_ab51ce-a5 > .kt-row-column-wrap{align-content:start;}:where(.kb-row-layout-id46680_ab51ce-a5 > .kt-row-column-wrap) > .wp-block-kadence-column{justify-content:start;}.kb-row-layout-id46680_ab51ce-a5 > .kt-row-column-wrap{column-gap:var(--global-kb-gap-md, 2rem);row-gap:var(--global-kb-gap-md, 2rem);padding-top:var(--global-kb-spacing-sm, 1.5rem);padding-bottom:var(--global-kb-spacing-sm, 1.5rem);grid-template-columns:minmax(0, 1fr);}.kb-row-layout-id46680_ab51ce-a5 > .kt-row-layout-overlay{opacity:0.30;}@media all and (max-width: 1024px){.kb-row-layout-id46680_ab51ce-a5 > .kt-row-column-wrap{grid-template-columns:minmax(0, 1fr);}}@media all and (max-width: 767px){.kb-row-layout-id46680_ab51ce-a5 > .kt-row-column-wrap{grid-template-columns:minmax(0, 1fr);}}<\/style><div class=\"kb-row-layout-wrap kb-row-layout-id46680_ab51ce-a5 alignnone wp-block-kadence-rowlayout\"><div class=\"kt-row-column-wrap kt-has-1-columns kt-row-layout-equal kt-tab-layout-inherit kt-mobile-layout-row kt-row-valign-top\">\n<style>.kadence-column46680_ca918c-2c > .kt-inside-inner-col,.kadence-column46680_ca918c-2c > .kt-inside-inner-col:before{border-top-left-radius:0px;border-top-right-radius:0px;border-bottom-right-radius:0px;border-bottom-left-radius:0px;}.kadence-column46680_ca918c-2c > .kt-inside-inner-col{column-gap:var(--global-kb-gap-sm, 1rem);}.kadence-column46680_ca918c-2c > .kt-inside-inner-col{flex-direction:column;}.kadence-column46680_ca918c-2c > .kt-inside-inner-col > .aligncenter{width:100%;}.kadence-column46680_ca918c-2c > .kt-inside-inner-col:before{opacity:0.3;}.kadence-column46680_ca918c-2c{position:relative;}@media all and (max-width: 1024px){.kadence-column46680_ca918c-2c > .kt-inside-inner-col{flex-direction:column;}}@media all and (max-width: 767px){.kadence-column46680_ca918c-2c > .kt-inside-inner-col{flex-direction:column;}}<\/style>\n<div class=\"wp-block-kadence-column kadence-column46680_ca918c-2c inner-column-1\"><div class=\"kt-inside-inner-col\"><style>.kb-row-layout-id46680_36b066-ba > .kt-row-column-wrap{align-content:start;}:where(.kb-row-layout-id46680_36b066-ba > .kt-row-column-wrap) > .wp-block-kadence-column{justify-content:start;}.kb-row-layout-id46680_36b066-ba > .kt-row-column-wrap{column-gap:var(--global-kb-gap-md, 2rem);row-gap:var(--global-kb-gap-md, 2rem);padding-top:var(--global-kb-spacing-sm, 1.5rem);padding-bottom:var(--global-kb-spacing-sm, 1.5rem);grid-template-columns:minmax(0, 1fr);}.kb-row-layout-id46680_36b066-ba{background-image:url('https:\/\/asalaranjeiras.org.br\/site\/wp-content\/uploads\/2021\/03\/backgroud_qsomos.png');background-size:cover;background-position:center center;background-attachment:scroll;background-repeat:no-repeat;}.kb-row-layout-id46680_36b066-ba > .kt-row-layout-overlay{opacity:0.30;}@media all and (max-width: 1024px){.kb-row-layout-id46680_36b066-ba > .kt-row-column-wrap{grid-template-columns:minmax(0, 1fr);}}@media all and (max-width: 767px){.kb-row-layout-id46680_36b066-ba > .kt-row-column-wrap{grid-template-columns:minmax(0, 1fr);}}<\/style><div class=\"kb-row-layout-wrap kb-row-layout-id46680_36b066-ba alignnone kt-row-has-bg wp-block-kadence-rowlayout\"><div class=\"kt-row-column-wrap kt-has-1-columns kt-row-layout-equal kt-tab-layout-inherit kt-mobile-layout-row kt-row-valign-top\">\n<style>.kadence-column46680_2a797a-b5 > .kt-inside-inner-col,.kadence-column46680_2a797a-b5 > .kt-inside-inner-col:before{border-top-left-radius:0px;border-top-right-radius:0px;border-bottom-right-radius:0px;border-bottom-left-radius:0px;}.kadence-column46680_2a797a-b5 > .kt-inside-inner-col{column-gap:var(--global-kb-gap-sm, 1rem);}.kadence-column46680_2a797a-b5 > .kt-inside-inner-col{flex-direction:column;}.kadence-column46680_2a797a-b5 > .kt-inside-inner-col > .aligncenter{width:100%;}.kadence-column46680_2a797a-b5 > .kt-inside-inner-col:before{opacity:0.3;}.kadence-column46680_2a797a-b5{position:relative;}@media all and (max-width: 1024px){.kadence-column46680_2a797a-b5 > .kt-inside-inner-col{flex-direction:column;}}@media all and (max-width: 767px){.kadence-column46680_2a797a-b5 > .kt-inside-inner-col{flex-direction:column;}}<\/style>\n<div class=\"wp-block-kadence-column kadence-column46680_2a797a-b5 inner-column-1\"><div class=\"kt-inside-inner-col\">\n<p class=\"has-text-align-center has-very-light-gray-color has-text-color\" style=\"font-size:35px\"><strong>Nossos Princ\u00edpios<\/strong><\/p>\n\n\n<style>.kb-row-layout-id46680_2ad6c7-76 > .kt-row-column-wrap{align-content:start;}:where(.kb-row-layout-id46680_2ad6c7-76 > .kt-row-column-wrap) > .wp-block-kadence-column{justify-content:start;}.kb-row-layout-id46680_2ad6c7-76 > .kt-row-column-wrap{column-gap:var(--global-kb-gap-md, 2rem);row-gap:var(--global-kb-gap-md, 2rem);padding-top:var(--global-kb-spacing-sm, 1.5rem);padding-bottom:var(--global-kb-spacing-sm, 1.5rem);grid-template-columns:repeat(2, minmax(0, 1fr));}.kb-row-layout-id46680_2ad6c7-76 > .kt-row-layout-overlay{opacity:0.30;}@media all and (max-width: 1024px){.kb-row-layout-id46680_2ad6c7-76 > .kt-row-column-wrap{grid-template-columns:repeat(2, minmax(0, 1fr));}}@media all and (max-width: 767px){.kb-row-layout-id46680_2ad6c7-76 > .kt-row-column-wrap{grid-template-columns:minmax(0, 1fr);}}<\/style><div class=\"kb-row-layout-wrap kb-row-layout-id46680_2ad6c7-76 alignnone wp-block-kadence-rowlayout\"><div class=\"kt-row-column-wrap kt-has-2-columns kt-row-layout-equal kt-tab-layout-inherit kt-mobile-layout-row kt-row-valign-top\">\n<style>.kadence-column46680_68c088-c6, .kt-inside-inner-col > .kadence-column46680_68c088-c6:not(.specificity){margin-right:13px;}.kadence-column46680_68c088-c6 > .kt-inside-inner-col,.kadence-column46680_68c088-c6 > .kt-inside-inner-col:before{border-top-left-radius:0px;border-top-right-radius:0px;border-bottom-right-radius:0px;border-bottom-left-radius:0px;}.kadence-column46680_68c088-c6 > .kt-inside-inner-col{column-gap:var(--global-kb-gap-sm, 1rem);}.kadence-column46680_68c088-c6 > .kt-inside-inner-col{flex-direction:column;}.kadence-column46680_68c088-c6 > .kt-inside-inner-col > .aligncenter{width:100%;}.kadence-column46680_68c088-c6 > .kt-inside-inner-col:before{opacity:0.3;}.kadence-column46680_68c088-c6{position:relative;}@media all and (max-width: 1024px){.kadence-column46680_68c088-c6 > .kt-inside-inner-col{flex-direction:column;}}@media all and (max-width: 767px){.kadence-column46680_68c088-c6 > .kt-inside-inner-col{flex-direction:column;}}<\/style>\n<div class=\"wp-block-kadence-column kadence-column46680_68c088-c6 inner-column-1\"><div class=\"kt-inside-inner-col\"><div class=\"wp-block-image\">\n<figure class=\"aligncenter size-large is-resized\"><img loading=\"lazy\" decoding=\"async\" width=\"179\" height=\"163\" src=\"https:\/\/asalaranjeiras.org.br\/site\/wp-content\/uploads\/2021\/03\/alvo.jpg\" alt=\"\" class=\"wp-image-46685\" style=\"width:179px;height:163px\" srcset=\"https:\/\/asalaranjeiras.org.br\/site\/wp-content\/uploads\/2021\/03\/alvo.jpg 179w, https:\/\/asalaranjeiras.org.br\/site\/wp-content\/uploads\/2021\/03\/alvo-150x137.jpg 150w\" sizes=\"auto, (max-width: 179px) 100vw, 179px\" \/><\/figure><\/div>\n\n\n<p class=\"has-text-align-center has-very-light-gray-color has-text-color\" style=\"font-size:17px\"><strong><strong>MISS\u00c3O<\/strong>: Educar para promover o desenvolvimento social, econ\u00f4mico, cultural e ambiental de Paraty.<\/strong><\/p>\n<\/div><\/div>\n\n\n<style>.kadence-column46680_fb3d3b-14, .kt-inside-inner-col > .kadence-column46680_fb3d3b-14:not(.specificity){margin-right:13px;margin-left:13px;}.kadence-column46680_fb3d3b-14 > .kt-inside-inner-col,.kadence-column46680_fb3d3b-14 > .kt-inside-inner-col:before{border-top-left-radius:0px;border-top-right-radius:0px;border-bottom-right-radius:0px;border-bottom-left-radius:0px;}.kadence-column46680_fb3d3b-14 > .kt-inside-inner-col{column-gap:var(--global-kb-gap-sm, 1rem);}.kadence-column46680_fb3d3b-14 > .kt-inside-inner-col{flex-direction:column;}.kadence-column46680_fb3d3b-14 > .kt-inside-inner-col > .aligncenter{width:100%;}.kadence-column46680_fb3d3b-14 > .kt-inside-inner-col:before{opacity:0.3;}.kadence-column46680_fb3d3b-14{position:relative;}@media all and (max-width: 1024px){.kadence-column46680_fb3d3b-14 > .kt-inside-inner-col{flex-direction:column;}}@media all and (max-width: 767px){.kadence-column46680_fb3d3b-14 > .kt-inside-inner-col{flex-direction:column;}}<\/style>\n<div class=\"wp-block-kadence-column kadence-column46680_fb3d3b-14 inner-column-2\"><div class=\"kt-inside-inner-col\"><div class=\"wp-block-image\">\n<figure class=\"aligncenter size-large\"><img loading=\"lazy\" decoding=\"async\" width=\"180\" height=\"160\" src=\"https:\/\/asalaranjeiras.org.br\/site\/wp-content\/uploads\/2021\/03\/visao-1.jpg\" alt=\"\" class=\"wp-image-46686\" srcset=\"https:\/\/asalaranjeiras.org.br\/site\/wp-content\/uploads\/2021\/03\/visao-1.jpg 180w, https:\/\/asalaranjeiras.org.br\/site\/wp-content\/uploads\/2021\/03\/visao-1-150x133.jpg 150w\" sizes=\"auto, (max-width: 180px) 100vw, 180px\" \/><\/figure><\/div>\n\n\n<p class=\"has-text-align-center ghostkit-custom-1aKzlR has-very-light-gray-color has-text-color\" style=\"font-size:17px\"><strong><strong>VIS\u00c3O<\/strong>: Ser um agente transformador para um futuro sustent\u00e1vel na regi\u00e3o.<\/strong><\/p>\n<\/div><\/div>\n\n<\/div><\/div>\n\n<style>.kb-row-layout-id46680_8c99b9-0a > .kt-row-column-wrap{align-content:start;}:where(.kb-row-layout-id46680_8c99b9-0a > .kt-row-column-wrap) > .wp-block-kadence-column{justify-content:start;}.kb-row-layout-id46680_8c99b9-0a > .kt-row-column-wrap{column-gap:var(--global-kb-gap-md, 2rem);row-gap:var(--global-kb-gap-md, 2rem);padding-top:var(--global-kb-spacing-sm, 1.5rem);padding-bottom:var(--global-kb-spacing-sm, 1.5rem);grid-template-columns:minmax(0, 1fr);}.kb-row-layout-id46680_8c99b9-0a > .kt-row-layout-overlay{opacity:0.30;}@media all and (max-width: 1024px){.kb-row-layout-id46680_8c99b9-0a > .kt-row-column-wrap{grid-template-columns:minmax(0, 1fr);}}@media all and (max-width: 767px){.kb-row-layout-id46680_8c99b9-0a > .kt-row-column-wrap{grid-template-columns:minmax(0, 1fr);}}<\/style><div class=\"kb-row-layout-wrap kb-row-layout-id46680_8c99b9-0a alignnone wp-block-kadence-rowlayout\"><div class=\"kt-row-column-wrap kt-has-1-columns kt-row-layout-equal kt-tab-layout-inherit kt-mobile-layout-row kt-row-valign-top\">\n<style>.kadence-column46680_68cfc6-3e > .kt-inside-inner-col,.kadence-column46680_68cfc6-3e > .kt-inside-inner-col:before{border-top-left-radius:0px;border-top-right-radius:0px;border-bottom-right-radius:0px;border-bottom-left-radius:0px;}.kadence-column46680_68cfc6-3e > .kt-inside-inner-col{column-gap:var(--global-kb-gap-sm, 1rem);}.kadence-column46680_68cfc6-3e > .kt-inside-inner-col{flex-direction:column;}.kadence-column46680_68cfc6-3e > .kt-inside-inner-col > .aligncenter{width:100%;}.kadence-column46680_68cfc6-3e > .kt-inside-inner-col:before{opacity:0.3;}.kadence-column46680_68cfc6-3e{position:relative;}@media all and (max-width: 1024px){.kadence-column46680_68cfc6-3e > .kt-inside-inner-col{flex-direction:column;}}@media all and (max-width: 767px){.kadence-column46680_68cfc6-3e > .kt-inside-inner-col{flex-direction:column;}}<\/style>\n<div class=\"wp-block-kadence-column kadence-column46680_68cfc6-3e inner-column-1\"><div class=\"kt-inside-inner-col\"><div class=\"wp-block-image\">\n<figure class=\"aligncenter size-large\"><img loading=\"lazy\" decoding=\"async\" width=\"175\" height=\"162\" src=\"https:\/\/asalaranjeiras.org.br\/site\/wp-content\/uploads\/2021\/03\/valores.jpg\" alt=\"\" class=\"wp-image-46687\" srcset=\"https:\/\/asalaranjeiras.org.br\/site\/wp-content\/uploads\/2021\/03\/valores.jpg 175w, https:\/\/asalaranjeiras.org.br\/site\/wp-content\/uploads\/2021\/03\/valores-150x139.jpg 150w\" sizes=\"auto, (max-width: 175px) 100vw, 175px\" \/><\/figure><\/div>\n\n\n<p class=\"has-text-align-center has-very-light-gray-color has-text-color\" style=\"font-size:17px\"><strong>VALORES<\/strong>:<br><strong>Profissionalismo <\/strong>com afetividade<br><strong>Perseveran\u00e7a<\/strong> para criar o futuro<br><strong>Parceria<\/strong> para sonhar junto<br><strong>Transpar\u00eancia<\/strong> em cada passo<br><strong>Inova\u00e7\u00e3o<\/strong> para experimentar o mundo<br><strong>Sustentabilidade<\/strong> porque o futuro \u00e9 logo ali<\/p>\n<\/div><\/div>\n\n<\/div><\/div><\/div><\/div>\n\n<\/div><\/div>\n\n\n<p><\/p>\n<\/div><\/div>\n\n<\/div><\/div>","protected":false},"excerpt":{"rendered":"<p>Somos a ASA Laranjeiras (Associa\u00e7\u00e3o Socioambiental Laranjeiras), bra\u00e7o social do Condom\u00ednio Laranjeiras, localizada em Paraty (RJ), munic\u00edpio reconhecido como Patrim\u00f4nio Mundial pela Unesco por sua cultura e biodiversidade. A atua\u00e7\u00e3o da ASA Laranjeiras se inspira e d\u00e1 continuidade aos projetos que come\u00e7aram a ser desenvolvidos em 1992, com o Instituto Escolar Laranjeiras (IEL), e que [&hellip;]<\/p>\n","protected":false},"author":2,"featured_media":0,"parent":0,"menu_order":0,"comment_status":"closed","ping_status":"closed","template":"","meta":{"_uag_custom_page_level_css":"","ghostkit_customizer_options":"","ghostkit_custom_css":"","ghostkit_custom_js_head":"","ghostkit_custom_js_foot":"","ghostkit_typography":"","footnotes":""},"class_list":["post-46680","page","type-page","status-publish","hentry"],"uagb_featured_image_src":{"full":false,"thumbnail":false,"medium":false,"medium_large":false,"large":false,"1536x1536":false,"2048x2048":false,"awb_sm":false,"awb_md":false,"awb_lg":false,"awb_xl":false,"smr-thumb":false,"smr-thumb-full":false},"uagb_author_info":{"display_name":"Associa\u00e7\u00e3o Cairu\u00e7u","author_link":"https:\/\/asalaranjeiras.org.br\/site\/author\/cairucu\/"},"uagb_comment_info":0,"uagb_excerpt":"Somos a ASA Laranjeiras (Associa\u00e7\u00e3o Socioambiental Laranjeiras), bra\u00e7o social do Condom\u00ednio Laranjeiras, localizada em Paraty (RJ), munic\u00edpio reconhecido como Patrim\u00f4nio Mundial pela Unesco por sua cultura e biodiversidade. A atua\u00e7\u00e3o da ASA Laranjeiras se inspira e d\u00e1 continuidade aos projetos que come\u00e7aram a ser desenvolvidos em 1992, com o Instituto Escolar Laranjeiras (IEL), e que&hellip;","_links":{"self":[{"href":"https:\/\/asalaranjeiras.org.br\/site\/wp-json\/wp\/v2\/pages\/46680","targetHints":{"allow":["GET"]}}],"collection":[{"href":"https:\/\/asalaranjeiras.org.br\/site\/wp-json\/wp\/v2\/pages"}],"about":[{"href":"https:\/\/asalaranjeiras.org.br\/site\/wp-json\/wp\/v2\/types\/page"}],"author":[{"embeddable":true,"href":"https:\/\/asalaranjeiras.org.br\/site\/wp-json\/wp\/v2\/users\/2"}],"replies":[{"embeddable":true,"href":"https:\/\/asalaranjeiras.org.br\/site\/wp-json\/wp\/v2\/comments?post=46680"}],"version-history":[{"count":24,"href":"https:\/\/asalaranjeiras.org.br\/site\/wp-json\/wp\/v2\/pages\/46680\/revisions"}],"predecessor-version":[{"id":49290,"href":"https:\/\/asalaranjeiras.org.br\/site\/wp-json\/wp\/v2\/pages\/46680\/revisions\/49290"}],"wp:attachment":[{"href":"https:\/\/asalaranjeiras.org.br\/site\/wp-json\/wp\/v2\/media?parent=46680"}],"curies":[{"name":"wp","href":"https:\/\/api.w.org\/{rel}","templated":true}]}}