{"id":48118,"date":"2022-02-21T15:21:55","date_gmt":"2022-02-21T15:21:55","guid":{"rendered":"https:\/\/asalaranjeiras.org.br\/site\/?page_id=48118"},"modified":"2025-09-29T16:44:36","modified_gmt":"2025-09-29T16:44:36","slug":"grade-de-atividades","status":"publish","type":"page","link":"https:\/\/asalaranjeiras.org.br\/site\/grade-de-atividades\/","title":{"rendered":"Grade de Atividades"},"content":{"rendered":"<div class=\"wp-block-image\">\n<figure class=\"aligncenter size-large\"><img loading=\"lazy\" decoding=\"async\" width=\"1024\" height=\"384\" src=\"http:\/\/asalaranjeiras.org.br\/site\/wp-content\/uploads\/2025\/09\/Grade-Laranjeiras-3-1024x384.png\" alt=\"\" class=\"wp-image-49680\" srcset=\"https:\/\/asalaranjeiras.org.br\/site\/wp-content\/uploads\/2025\/09\/Grade-Laranjeiras-3-1024x384.png 1024w, https:\/\/asalaranjeiras.org.br\/site\/wp-content\/uploads\/2025\/09\/Grade-Laranjeiras-3-300x113.png 300w, https:\/\/asalaranjeiras.org.br\/site\/wp-content\/uploads\/2025\/09\/Grade-Laranjeiras-3-150x56.png 150w, https:\/\/asalaranjeiras.org.br\/site\/wp-content\/uploads\/2025\/09\/Grade-Laranjeiras-3-768x288.png 768w, https:\/\/asalaranjeiras.org.br\/site\/wp-content\/uploads\/2025\/09\/Grade-Laranjeiras-3-1536x576.png 1536w, https:\/\/asalaranjeiras.org.br\/site\/wp-content\/uploads\/2025\/09\/Grade-Laranjeiras-3-2048x768.png 2048w, https:\/\/asalaranjeiras.org.br\/site\/wp-content\/uploads\/2025\/09\/Grade-Laranjeiras-3-500x188.png 500w, https:\/\/asalaranjeiras.org.br\/site\/wp-content\/uploads\/2025\/09\/Grade-Laranjeiras-3-800x300.png 800w, https:\/\/asalaranjeiras.org.br\/site\/wp-content\/uploads\/2025\/09\/Grade-Laranjeiras-3-1280x480.png 1280w, https:\/\/asalaranjeiras.org.br\/site\/wp-content\/uploads\/2025\/09\/Grade-Laranjeiras-3-1920x720.png 1920w\" sizes=\"auto, (max-width: 1024px) 100vw, 1024px\" \/><\/figure><\/div>\n\n\n<div class=\"wp-block-group\"><div class=\"wp-block-group__inner-container is-layout-flow wp-block-group-is-layout-flow\">\n<div align=\"center\"><a href=\"http:\/\/asalaranjeiras.org.br\/site\/wp-content\/uploads\/2025\/09\/Grade-Laranjeiras-3.png\" download=\"gradeceallaranjeiras.png\" rel=\"lightbox-0\">Download da grade CEAL LARANJEIRAS <\/a><\/div>\n\n\n\n<p><\/p>\n<\/div><\/div>\n\n\n\n<hr class=\"wp-block-separator has-css-opacity\"\/>\n\n\n<div class=\"wp-block-image\">\n<figure class=\"aligncenter size-full\"><img loading=\"lazy\" decoding=\"async\" width=\"9071\" height=\"3402\" src=\"http:\/\/asalaranjeiras.org.br\/site\/wp-content\/uploads\/2025\/09\/Grade-Patrimonio-3.png\" alt=\"\" class=\"wp-image-49678\" srcset=\"https:\/\/asalaranjeiras.org.br\/site\/wp-content\/uploads\/2025\/09\/Grade-Patrimonio-3.png 9071w, https:\/\/asalaranjeiras.org.br\/site\/wp-content\/uploads\/2025\/09\/Grade-Patrimonio-3-300x113.png 300w, https:\/\/asalaranjeiras.org.br\/site\/wp-content\/uploads\/2025\/09\/Grade-Patrimonio-3-1024x384.png 1024w, https:\/\/asalaranjeiras.org.br\/site\/wp-content\/uploads\/2025\/09\/Grade-Patrimonio-3-150x56.png 150w, https:\/\/asalaranjeiras.org.br\/site\/wp-content\/uploads\/2025\/09\/Grade-Patrimonio-3-768x288.png 768w, https:\/\/asalaranjeiras.org.br\/site\/wp-content\/uploads\/2025\/09\/Grade-Patrimonio-3-1536x576.png 1536w, https:\/\/asalaranjeiras.org.br\/site\/wp-content\/uploads\/2025\/09\/Grade-Patrimonio-3-2048x768.png 2048w, https:\/\/asalaranjeiras.org.br\/site\/wp-content\/uploads\/2025\/09\/Grade-Patrimonio-3-500x188.png 500w, https:\/\/asalaranjeiras.org.br\/site\/wp-content\/uploads\/2025\/09\/Grade-Patrimonio-3-800x300.png 800w, https:\/\/asalaranjeiras.org.br\/site\/wp-content\/uploads\/2025\/09\/Grade-Patrimonio-3-1280x480.png 1280w, https:\/\/asalaranjeiras.org.br\/site\/wp-content\/uploads\/2025\/09\/Grade-Patrimonio-3-1920x720.png 1920w\" sizes=\"auto, (max-width: 9071px) 100vw, 9071px\" \/><\/figure><\/div>\n\n\n<div align=\"center\"><a href=\"http:\/\/asalaranjeiras.org.br\/site\/wp-content\/uploads\/2025\/09\/Grade-Patrimonio-3.png\" download=\"gradecealpatrimonio.png\" rel=\"lightbox-1\">Download da grade CEAL PATRIM\u00d4NIO<\/a><\/div>\n\n\n\n<hr class=\"wp-block-separator has-css-opacity\"\/>\n\n\n<div class=\"wp-block-image\">\n<figure class=\"aligncenter size-full\"><img loading=\"lazy\" decoding=\"async\" width=\"9071\" height=\"3402\" src=\"http:\/\/asalaranjeiras.org.br\/site\/wp-content\/uploads\/2025\/09\/Grade-Pta-Negra-2.png\" alt=\"\" class=\"wp-image-49679\" srcset=\"https:\/\/asalaranjeiras.org.br\/site\/wp-content\/uploads\/2025\/09\/Grade-Pta-Negra-2.png 9071w, https:\/\/asalaranjeiras.org.br\/site\/wp-content\/uploads\/2025\/09\/Grade-Pta-Negra-2-300x113.png 300w, https:\/\/asalaranjeiras.org.br\/site\/wp-content\/uploads\/2025\/09\/Grade-Pta-Negra-2-1024x384.png 1024w, https:\/\/asalaranjeiras.org.br\/site\/wp-content\/uploads\/2025\/09\/Grade-Pta-Negra-2-150x56.png 150w, https:\/\/asalaranjeiras.org.br\/site\/wp-content\/uploads\/2025\/09\/Grade-Pta-Negra-2-768x288.png 768w, https:\/\/asalaranjeiras.org.br\/site\/wp-content\/uploads\/2025\/09\/Grade-Pta-Negra-2-1536x576.png 1536w, https:\/\/asalaranjeiras.org.br\/site\/wp-content\/uploads\/2025\/09\/Grade-Pta-Negra-2-2048x768.png 2048w, https:\/\/asalaranjeiras.org.br\/site\/wp-content\/uploads\/2025\/09\/Grade-Pta-Negra-2-500x188.png 500w, https:\/\/asalaranjeiras.org.br\/site\/wp-content\/uploads\/2025\/09\/Grade-Pta-Negra-2-800x300.png 800w, https:\/\/asalaranjeiras.org.br\/site\/wp-content\/uploads\/2025\/09\/Grade-Pta-Negra-2-1280x480.png 1280w, https:\/\/asalaranjeiras.org.br\/site\/wp-content\/uploads\/2025\/09\/Grade-Pta-Negra-2-1920x720.png 1920w\" sizes=\"auto, (max-width: 9071px) 100vw, 9071px\" \/><\/figure><\/div>\n\n\n<div align=\"center\"><a href=\"http:\/\/asalaranjeiras.org.br\/site\/wp-content\/uploads\/2025\/09\/Grade-Pta-Negra-2.png\" rel=\"lightbox-2\">Download da grade CEAL PONTA NEGRA <\/a><\/div>\n","protected":false},"excerpt":{"rendered":"<p>Download da grade CEAL LARANJEIRAS Download da grade CEAL PATRIM\u00d4NIO Download da grade CEAL PONTA NEGRA<\/p>\n","protected":false},"author":2,"featured_media":0,"parent":0,"menu_order":0,"comment_status":"closed","ping_status":"closed","template":"","meta":{"_uag_custom_page_level_css":"","ghostkit_customizer_options":"","ghostkit_custom_css":"","ghostkit_custom_js_head":"","ghostkit_custom_js_foot":"","ghostkit_typography":"","footnotes":""},"class_list":["post-48118","page","type-page","status-publish","hentry"],"uagb_featured_image_src":{"full":false,"thumbnail":false,"medium":false,"medium_large":false,"large":false,"1536x1536":false,"2048x2048":false,"awb_sm":false,"awb_md":false,"awb_lg":false,"awb_xl":false,"smr-thumb":false,"smr-thumb-full":false},"uagb_author_info":{"display_name":"Associa\u00e7\u00e3o Cairu\u00e7u","author_link":"https:\/\/asalaranjeiras.org.br\/site\/author\/cairucu\/"},"uagb_comment_info":0,"uagb_excerpt":"Download da grade CEAL LARANJEIRAS Download da grade CEAL PATRIM\u00d4NIO Download da grade CEAL PONTA NEGRA","_links":{"self":[{"href":"https:\/\/asalaranjeiras.org.br\/site\/wp-json\/wp\/v2\/pages\/48118","targetHints":{"allow":["GET"]}}],"collection":[{"href":"https:\/\/asalaranjeiras.org.br\/site\/wp-json\/wp\/v2\/pages"}],"about":[{"href":"https:\/\/asalaranjeiras.org.br\/site\/wp-json\/wp\/v2\/types\/page"}],"author":[{"embeddable":true,"href":"https:\/\/asalaranjeiras.org.br\/site\/wp-json\/wp\/v2\/users\/2"}],"replies":[{"embeddable":true,"href":"https:\/\/asalaranjeiras.org.br\/site\/wp-json\/wp\/v2\/comments?post=48118"}],"version-history":[{"count":28,"href":"https:\/\/asalaranjeiras.org.br\/site\/wp-json\/wp\/v2\/pages\/48118\/revisions"}],"predecessor-version":[{"id":49685,"href":"https:\/\/asalaranjeiras.org.br\/site\/wp-json\/wp\/v2\/pages\/48118\/revisions\/49685"}],"wp:attachment":[{"href":"https:\/\/asalaranjeiras.org.br\/site\/wp-json\/wp\/v2\/media?parent=48118"}],"curies":[{"name":"wp","href":"https:\/\/api.w.org\/{rel}","templated":true}]}}