{"id":48315,"date":"2022-03-25T01:02:14","date_gmt":"2022-03-25T01:02:14","guid":{"rendered":"https:\/\/asalaranjeiras.org.br\/site\/?page_id=48315"},"modified":"2022-03-25T01:02:16","modified_gmt":"2022-03-25T01:02:16","slug":"cartilha-boas-vindas","status":"publish","type":"page","link":"https:\/\/asalaranjeiras.org.br\/site\/cartilha-boas-vindas\/","title":{"rendered":"CARTILHA BOAS-VINDAS"},"content":{"rendered":"\n<div class=\"_df_book df-lite\" id=\"df_48296\"  _slug=\"cartilha-boas-vindas\" data-title=\"cartilha-boas-vindas\" wpoptions=\"true\" thumbtype=\"\" ><\/div><script class=\"df-shortcode-script\" nowprocket type=\"application\/javascript\">window.option_df_48296 = {\"outline\":[],\"autoEnableOutline\":\"false\",\"autoEnableThumbnail\":\"false\",\"overwritePDFOutline\":\"false\",\"direction\":\"1\",\"pageSize\":\"0\",\"source\":\"https:\\\/\\\/asalaranjeiras.org.br\\\/site\\\/wp-content\\\/uploads\\\/2022\\\/03\\\/2023-CARTILHA-BOAS-VINDAS.pdf\",\"wpOptions\":\"true\"}; if(window.DFLIP && window.DFLIP.parseBooks){window.DFLIP.parseBooks();}<\/script>\n","protected":false},"excerpt":{"rendered":"","protected":false},"author":2,"featured_media":48317,"parent":0,"menu_order":0,"comment_status":"closed","ping_status":"closed","template":"","meta":{"_uag_custom_page_level_css":"","ghostkit_customizer_options":"","ghostkit_custom_css":"","ghostkit_custom_js_head":"","ghostkit_custom_js_foot":"","ghostkit_typography":"","footnotes":""},"class_list":["post-48315","page","type-page","status-publish","has-post-thumbnail","hentry"],"uagb_featured_image_src":{"full":["https:\/\/asalaranjeiras.org.br\/site\/wp-content\/uploads\/2022\/03\/cartilha-capa.jpeg",904,1280,false],"thumbnail":["https:\/\/asalaranjeiras.org.br\/site\/wp-content\/uploads\/2022\/03\/cartilha-capa-106x150.jpeg",106,150,true],"medium":["https:\/\/asalaranjeiras.org.br\/site\/wp-content\/uploads\/2022\/03\/cartilha-capa-212x300.jpeg",212,300,true],"medium_large":["https:\/\/asalaranjeiras.org.br\/site\/wp-content\/uploads\/2022\/03\/cartilha-capa-768x1087.jpeg",768,1087,true],"large":["https:\/\/asalaranjeiras.org.br\/site\/wp-content\/uploads\/2022\/03\/cartilha-capa-723x1024.jpeg",723,1024,true],"1536x1536":["https:\/\/asalaranjeiras.org.br\/site\/wp-content\/uploads\/2022\/03\/cartilha-capa.jpeg",904,1280,false],"2048x2048":["https:\/\/asalaranjeiras.org.br\/site\/wp-content\/uploads\/2022\/03\/cartilha-capa.jpeg",904,1280,false],"awb_sm":["https:\/\/asalaranjeiras.org.br\/site\/wp-content\/uploads\/2022\/03\/cartilha-capa-500x708.jpeg",500,708,true],"awb_md":["https:\/\/asalaranjeiras.org.br\/site\/wp-content\/uploads\/2022\/03\/cartilha-capa-800x1133.jpeg",800,1133,true],"awb_lg":["https:\/\/asalaranjeiras.org.br\/site\/wp-content\/uploads\/2022\/03\/cartilha-capa.jpeg",904,1280,false],"awb_xl":["https:\/\/asalaranjeiras.org.br\/site\/wp-content\/uploads\/2022\/03\/cartilha-capa.jpeg",904,1280,false],"smr-thumb":["https:\/\/asalaranjeiras.org.br\/site\/wp-content\/uploads\/2022\/03\/cartilha-capa-805x452.jpeg",805,452,true],"smr-thumb-full":["https:\/\/asalaranjeiras.org.br\/site\/wp-content\/uploads\/2022\/03\/cartilha-capa-904x613.jpeg",904,613,true]},"uagb_author_info":{"display_name":"Associa\u00e7\u00e3o Cairu\u00e7u","author_link":"https:\/\/asalaranjeiras.org.br\/site\/author\/cairucu\/"},"uagb_comment_info":0,"uagb_excerpt":null,"_links":{"self":[{"href":"https:\/\/asalaranjeiras.org.br\/site\/wp-json\/wp\/v2\/pages\/48315","targetHints":{"allow":["GET"]}}],"collection":[{"href":"https:\/\/asalaranjeiras.org.br\/site\/wp-json\/wp\/v2\/pages"}],"about":[{"href":"https:\/\/asalaranjeiras.org.br\/site\/wp-json\/wp\/v2\/types\/page"}],"author":[{"embeddable":true,"href":"https:\/\/asalaranjeiras.org.br\/site\/wp-json\/wp\/v2\/users\/2"}],"replies":[{"embeddable":true,"href":"https:\/\/asalaranjeiras.org.br\/site\/wp-json\/wp\/v2\/comments?post=48315"}],"version-history":[{"count":1,"href":"https:\/\/asalaranjeiras.org.br\/site\/wp-json\/wp\/v2\/pages\/48315\/revisions"}],"predecessor-version":[{"id":48318,"href":"https:\/\/asalaranjeiras.org.br\/site\/wp-json\/wp\/v2\/pages\/48315\/revisions\/48318"}],"wp:featuredmedia":[{"embeddable":true,"href":"https:\/\/asalaranjeiras.org.br\/site\/wp-json\/wp\/v2\/media\/48317"}],"wp:attachment":[{"href":"https:\/\/asalaranjeiras.org.br\/site\/wp-json\/wp\/v2\/media?parent=48315"}],"curies":[{"name":"wp","href":"https:\/\/api.w.org\/{rel}","templated":true}]}}