{"id":49414,"date":"2024-11-01T21:16:06","date_gmt":"2024-11-01T21:16:06","guid":{"rendered":"https:\/\/asalaranjeiras.org.br\/site\/?page_id=49414"},"modified":"2024-11-01T21:16:14","modified_gmt":"2024-11-01T21:16:14","slug":"aves-da-minha-escola-documenta-atividades-nas-escolas","status":"publish","type":"page","link":"https:\/\/asalaranjeiras.org.br\/site\/aves-da-minha-escola-documenta-atividades-nas-escolas\/","title":{"rendered":"AVES DA MINHA ESCOLA DOCUMENTA ATIVIDADES NAS ESCOLAS"},"content":{"rendered":"\n<p>O projeto Aves da Minha Escola reuniu trabalhos realizados pelos alunos da rede municipal de ensino de Paraty em um v\u00eddeo-document\u00e1rio, que destaca os desenhos das aves observadas pelos estudantes. Cada escola visitada na primeira etapa do projeto em sua edi\u00e7\u00e3o de 2024 teve desenhos documentados.<br>O v\u00eddeo-document\u00e1rio foi apresentado em uma exposi\u00e7\u00e3o realizada pelo Aves da Minha Escola no Insitututo Hist\u00f3rico-Art\u00edstico de Paraty (IHAP) em setembro de 2024, durante o Festival de Aves e Biodiversidade.<br>O Aves da Minha Escola \u00e9 uma iniciativa da ASA Laranjeiras, com apoio do Instituto humanize e parceria com a Secretaria Municipal de Educa\u00e7\u00e3o&nbsp;de&nbsp;Paraty.<\/p>\n\n\n\n<figure class=\"wp-block-video\"><video controls src=\"https:\/\/asalaranjeiras.org.br\/site\/wp-content\/uploads\/2024\/11\/video_aves.mp4\"><\/video><\/figure>\n","protected":false},"excerpt":{"rendered":"<p>O projeto Aves da Minha Escola reuniu trabalhos realizados pelos alunos da rede municipal de ensino de Paraty em um v\u00eddeo-document\u00e1rio, que destaca os desenhos das aves observadas pelos estudantes. Cada escola visitada na primeira etapa do projeto em sua edi\u00e7\u00e3o de 2024 teve desenhos documentados.O v\u00eddeo-document\u00e1rio foi apresentado em uma exposi\u00e7\u00e3o realizada pelo Aves [&hellip;]<\/p>\n","protected":false},"author":2,"featured_media":0,"parent":0,"menu_order":0,"comment_status":"closed","ping_status":"closed","template":"","meta":{"_uag_custom_page_level_css":"","ghostkit_customizer_options":"","ghostkit_custom_css":"","ghostkit_custom_js_head":"","ghostkit_custom_js_foot":"","ghostkit_typography":"","footnotes":""},"class_list":["post-49414","page","type-page","status-publish","hentry"],"uagb_featured_image_src":{"full":false,"thumbnail":false,"medium":false,"medium_large":false,"large":false,"1536x1536":false,"2048x2048":false,"awb_sm":false,"awb_md":false,"awb_lg":false,"awb_xl":false,"smr-thumb":false,"smr-thumb-full":false},"uagb_author_info":{"display_name":"Associa\u00e7\u00e3o Cairu\u00e7u","author_link":"https:\/\/asalaranjeiras.org.br\/site\/author\/cairucu\/"},"uagb_comment_info":0,"uagb_excerpt":"O projeto Aves da Minha Escola reuniu trabalhos realizados pelos alunos da rede municipal de ensino de Paraty em um v\u00eddeo-document\u00e1rio, que destaca os desenhos das aves observadas pelos estudantes. Cada escola visitada na primeira etapa do projeto em sua edi\u00e7\u00e3o de 2024 teve desenhos documentados.O v\u00eddeo-document\u00e1rio foi apresentado em uma exposi\u00e7\u00e3o realizada pelo Aves&hellip;","_links":{"self":[{"href":"https:\/\/asalaranjeiras.org.br\/site\/wp-json\/wp\/v2\/pages\/49414","targetHints":{"allow":["GET"]}}],"collection":[{"href":"https:\/\/asalaranjeiras.org.br\/site\/wp-json\/wp\/v2\/pages"}],"about":[{"href":"https:\/\/asalaranjeiras.org.br\/site\/wp-json\/wp\/v2\/types\/page"}],"author":[{"embeddable":true,"href":"https:\/\/asalaranjeiras.org.br\/site\/wp-json\/wp\/v2\/users\/2"}],"replies":[{"embeddable":true,"href":"https:\/\/asalaranjeiras.org.br\/site\/wp-json\/wp\/v2\/comments?post=49414"}],"version-history":[{"count":1,"href":"https:\/\/asalaranjeiras.org.br\/site\/wp-json\/wp\/v2\/pages\/49414\/revisions"}],"predecessor-version":[{"id":49417,"href":"https:\/\/asalaranjeiras.org.br\/site\/wp-json\/wp\/v2\/pages\/49414\/revisions\/49417"}],"wp:attachment":[{"href":"https:\/\/asalaranjeiras.org.br\/site\/wp-json\/wp\/v2\/media?parent=49414"}],"curies":[{"name":"wp","href":"https:\/\/api.w.org\/{rel}","templated":true}]}}